{"id":11,"date":"2025-03-25T20:18:39","date_gmt":"2025-03-25T20:18:39","guid":{"rendered":"http:\/\/wp.schreinerei-oliv.de\/?page_id=11"},"modified":"2025-09-24T14:13:10","modified_gmt":"2025-09-24T14:13:10","slug":"willkommen","status":"publish","type":"page","link":"https:\/\/www.schreinerei-oliv.de\/","title":{"rendered":"Willkommen"},"content":{"rendered":"\n<p>Sch\u00f6n dass Sie uns auf unserer Homepage besuchen.<\/p>\n\n\n\n<figure class=\"wp-block-image size-large\"><img loading=\"lazy\" decoding=\"async\" width=\"2268\" height=\"1276\" src=\"https:\/\/www.schreinerei-oliv.de\/wp-content\/uploads\/2025\/03\/Werkstatt-Schreinerei-Oliv-edited.jpg\" alt=\"\" class=\"wp-image-1096\" srcset=\"https:\/\/www.schreinerei-oliv.de\/wp-content\/uploads\/2025\/03\/Werkstatt-Schreinerei-Oliv-edited.jpg 2268w, https:\/\/www.schreinerei-oliv.de\/wp-content\/uploads\/2025\/03\/Werkstatt-Schreinerei-Oliv-edited-300x169.jpg 300w, https:\/\/www.schreinerei-oliv.de\/wp-content\/uploads\/2025\/03\/Werkstatt-Schreinerei-Oliv-edited-1024x576.jpg 1024w, https:\/\/www.schreinerei-oliv.de\/wp-content\/uploads\/2025\/03\/Werkstatt-Schreinerei-Oliv-edited-768x432.jpg 768w, https:\/\/www.schreinerei-oliv.de\/wp-content\/uploads\/2025\/03\/Werkstatt-Schreinerei-Oliv-edited-1536x864.jpg 1536w, https:\/\/www.schreinerei-oliv.de\/wp-content\/uploads\/2025\/03\/Werkstatt-Schreinerei-Oliv-edited-2048x1152.jpg 2048w\" sizes=\"auto, (max-width: 767px) 89vw, (max-width: 1000px) 54vw, (max-width: 1071px) 543px, 580px\" \/><figcaption class=\"wp-element-caption\">Die Werkstatt der Schreinerei Oliv<\/figcaption><\/figure>\n\n\n\n<p class=\"has-text-align-left\">Wir sind ein Meisterbetrieb f\u00fcr den individuellen und hochwertigen Innenausbau, sowie f\u00fcr den kompetenten Service rund um das Thema Holz- und Kunststoff Fenster und T\u00fcren. <\/p>\n\n\n\n<p class=\"has-text-align-left\">Unser Handwerksbetrieb begleitet Sie von der Planung Ihrer individuellen Einbau- und Einzelm\u00f6bel bis zur Montage von Fenster und T\u00fcren sowie der Erneuerung von Parkett-\/Laminatb\u00f6den.<\/p>\n\n\n\n<p class=\"has-text-align-left\">Wir beraten und begleiten Sie von der Idee bis zur termin-gerechten Montage. Wir betreuen Privatkunden, Gesch\u00e4ftskunden, Hausverwaltungen sowie Architekten.<\/p>\n\n\n\n<p>Mit Liebe zum Detail, Kreativit\u00e4t und Erfahrung realisieren wir die Einrichtungsw\u00fcnsche unserer Kunden \u2013 egal ob einzelnes M\u00f6belst\u00fcck oder Gro\u00dfobjekt. Holz ist immer im Trend \u2013 ob gem\u00fctlich oder funktional, ob modern oder klassisch.&nbsp;&nbsp;Wir erf\u00fcllen Ihnen Ihren Traum.<\/p>\n\n\n\n<figure class=\"wp-block-image size-large\"><img loading=\"lazy\" decoding=\"async\" width=\"1024\" height=\"470\" src=\"https:\/\/www.schreinerei-oliv.de\/wp-content\/uploads\/2020\/11\/Schreinerei-Norbert-Oliv-Kopie-1024x470.jpg\" alt=\"\" class=\"wp-image-468\" srcset=\"https:\/\/www.schreinerei-oliv.de\/wp-content\/uploads\/2020\/11\/Schreinerei-Norbert-Oliv-Kopie-1024x470.jpg 1024w, https:\/\/www.schreinerei-oliv.de\/wp-content\/uploads\/2020\/11\/Schreinerei-Norbert-Oliv-Kopie-300x138.jpg 300w, https:\/\/www.schreinerei-oliv.de\/wp-content\/uploads\/2020\/11\/Schreinerei-Norbert-Oliv-Kopie-768x352.jpg 768w, https:\/\/www.schreinerei-oliv.de\/wp-content\/uploads\/2020\/11\/Schreinerei-Norbert-Oliv-Kopie-1536x704.jpg 1536w, https:\/\/www.schreinerei-oliv.de\/wp-content\/uploads\/2020\/11\/Schreinerei-Norbert-Oliv-Kopie.jpg 2028w\" sizes=\"auto, (max-width: 767px) 89vw, (max-width: 1000px) 54vw, (max-width: 1071px) 543px, 580px\" \/><\/figure>\n\n\n\n<p>Als Ausbildungsbetrieb ist es uns eine Freude, jungen Menschen die M\u00f6glichkeit zu bieten anhand einer Ausbildung die Vielf\u00e4ltigkeit des Werkstoffes Holz zu erleben. <\/p>\n\n\n\n<p><strong>Hinweis: Aufgrund der Vielzahl an Anfragen bitten wir um Verst\u00e4ndnis, dass wir derzeit Praktikumspl\u00e4tze nur an Sch\u00fcler des BGJ vergeben k\u00f6nnen.<\/strong><\/p>\n\n\n\n<p><\/p>\n\n\n\n<p><\/p>\n\n\n\n<p>Auf unserer Homepage stellen wir Ihnen eine kleine Auswahl unserer Arbeiten vor: <a href=\"http:\/\/wp.schreinerei-oliv.de\/?page_id=34\">Arbeitsmuster<\/a><\/p>\n\n\n\n<p><br>Rufen Sie uns an (Tel: 089-2603203, Handy: 0172-9511695) oder schicken Sie uns eine Mail an <a href=\"mailto:info@schreinerei-oliv.de\">info@schreinerei-oliv.de<\/a><\/p>\n\n\n\n<p>Herzlichst, Ihr Team der Schreinerei Norbert Oliv<\/p>\n","protected":false},"excerpt":{"rendered":"<p>Sch\u00f6n dass Sie uns auf unserer Homepage besuchen. Wir sind ein Meisterbetrieb f\u00fcr den individuellen und hochwertigen Innenausbau, sowie f\u00fcr den kompetenten Service rund um das Thema Holz- und Kunststoff Fenster und T\u00fcren. Unser Handwerksbetrieb begleitet Sie von der Planung Ihrer individuellen Einbau- und Einzelm\u00f6bel bis zur Montage von Fenster und T\u00fcren sowie der Erneuerung &hellip; <\/p>\n<p class=\"link-more\"><a href=\"https:\/\/www.schreinerei-oliv.de\/\" class=\"more-link\"><span class=\"screen-reader-text\">\u201eWillkommen\u201c <\/span>weiterlesen<\/a><\/p>\n","protected":false},"author":2,"featured_media":0,"parent":0,"menu_order":0,"comment_status":"closed","ping_status":"closed","template":"","meta":{"footnotes":""},"class_list":["post-11","page","type-page","status-publish","hentry"],"_links":{"self":[{"href":"https:\/\/www.schreinerei-oliv.de\/index.php?rest_route=\/wp\/v2\/pages\/11","targetHints":{"allow":["GET"]}}],"collection":[{"href":"https:\/\/www.schreinerei-oliv.de\/index.php?rest_route=\/wp\/v2\/pages"}],"about":[{"href":"https:\/\/www.schreinerei-oliv.de\/index.php?rest_route=\/wp\/v2\/types\/page"}],"author":[{"embeddable":true,"href":"https:\/\/www.schreinerei-oliv.de\/index.php?rest_route=\/wp\/v2\/users\/2"}],"replies":[{"embeddable":true,"href":"https:\/\/www.schreinerei-oliv.de\/index.php?rest_route=%2Fwp%2Fv2%2Fcomments&post=11"}],"version-history":[{"count":52,"href":"https:\/\/www.schreinerei-oliv.de\/index.php?rest_route=\/wp\/v2\/pages\/11\/revisions"}],"predecessor-version":[{"id":1123,"href":"https:\/\/www.schreinerei-oliv.de\/index.php?rest_route=\/wp\/v2\/pages\/11\/revisions\/1123"}],"wp:attachment":[{"href":"https:\/\/www.schreinerei-oliv.de\/index.php?rest_route=%2Fwp%2Fv2%2Fmedia&parent=11"}],"curies":[{"name":"wp","href":"https:\/\/api.w.org\/{rel}","templated":true}]}}