{"id":908,"date":"2023-10-01T17:54:44","date_gmt":"2023-10-01T17:54:44","guid":{"rendered":"https:\/\/www.schreinerei-oliv.de\/?page_id=908"},"modified":"2023-10-01T19:18:09","modified_gmt":"2023-10-01T19:18:09","slug":"30-jahre-schreinerei-oliv","status":"publish","type":"page","link":"https:\/\/www.schreinerei-oliv.de\/?page_id=908","title":{"rendered":"30 Jahre Jubil\u00e4um"},"content":{"rendered":"\n<p><strong>30 Jahre Handwerkskunst und Leidenschaft: Ein Meilenstein f\u00fcr unsere Schreinerei<\/strong><\/p>\n\n\n\n<figure class=\"wp-block-image size-full\"><img loading=\"lazy\" decoding=\"async\" width=\"720\" height=\"607\" src=\"https:\/\/www.schreinerei-oliv.de\/wp-content\/uploads\/2023\/10\/30Jahre.png\" alt=\"\" class=\"wp-image-909\" srcset=\"https:\/\/www.schreinerei-oliv.de\/wp-content\/uploads\/2023\/10\/30Jahre.png 720w, https:\/\/www.schreinerei-oliv.de\/wp-content\/uploads\/2023\/10\/30Jahre-300x253.png 300w\" sizes=\"auto, (max-width: 720px) 100vw, 720px\" \/><\/figure>\n\n\n\n<p>Liebe Mitarbeiterinnen und Mitarbeiter, gesch\u00e4tzte Kunden, werte Partner,<\/p>\n\n\n\n<p>Es ist mit gro\u00dfer Freude und Dankbarkeit, dass wir heute diesen Beitrag verfassen, um auf ein ganz besonderes Ereignis aufmerksam zu machen: Das 30-j\u00e4hrige Jubil\u00e4um unserer Schreinerei. Drei\u00dfig Jahre, in denen wir unser Handwerk stetig weiterentwickelt, unseren Kunden W\u00fcnsche erf\u00fcllt und unser Unternehmen zu dem gemacht haben, was es heute ist. <strong>Dieser Meilenstein ist ein Grund zum Feiern!<\/strong><\/p>\n\n\n\n<p>Unser Engagement f\u00fcr Qualit\u00e4t und Handwerkskunst hat uns dazu verholfen, zahlreiche Projekte erfolgreich abzuschlie\u00dfen und das Vertrauen unserer Kunden zu gewinnen. Unsere Schreinerei war stets ein Ort, an dem Ideen Wirklichkeit werden, und das verdanken wir dem unerm\u00fcdlichen Einsatz und der Hingabe unserer Mitarbeiterinnen und Mitarbeiter. Wir freuen uns sehr, dass wir im Laufe der Zeit insgesamt <strong>16 junge Menschen \u2013 davon 9 M\u00e4nner und 7 Frauen \u2013 erfolgreich ausgebildet<\/strong> und den Schreinerberuf n\u00e4hergebracht haben.<\/p>\n\n\n\n<p>Unsere <strong>treuen Kunden<\/strong> sind das R\u00fcckgrat unseres Erfolgs. Ihr Vertrauen in unsere F\u00e4higkeiten hat uns angespornt, immer bessere L\u00f6sungen zu entwickeln und h\u00f6chsten Qualit\u00e4tsstandards gerecht zu werden. Wir sch\u00e4tzen Ihre Unterst\u00fctzung und freuen uns darauf, auch in den kommenden Jahren Ihre W\u00fcnsche und Anforderungen zu erf\u00fcllen.<\/p>\n\n\n\n<p>Unsere <strong>Partnerschaften mit Lieferanten und anderen Unternehmen<\/strong> haben uns geholfen, unsere Schreinerei stetig zu erweitern und unsere Dienstleistungen zu verbessern. Die gemeinsame Zusammenarbeit hat dazu beigetragen, dass wir auch in einem sich wandelnden Marktumfeld und Krisenzeiten erfolgreich bestehen konnten.<\/p>\n\n\n\n<p>Dieses Jubil\u00e4um ist eine Gelegenheit, all jenen zu danken, die uns in den letzten 30 Jahren begleitet haben: unseren Mitarbeiterinnen und Mitarbeitern, unseren Kunden und unseren Partnern.<\/p>\n\n\n\n<p>Auf die n\u00e4chsten Jahre voller handwerklicher Meisterleistungen!<\/p>\n\n\n\n<p>Vielen Dank f\u00fcr Ihre anhaltende Unterst\u00fctzung.<\/p>\n\n\n\n<p>Mit herzlichen Gr\u00fc\u00dfen,<\/p>\n\n\n\n<p>Norbert Oliv und das Team der Schreinerei Oliv<\/p>\n","protected":false},"excerpt":{"rendered":"<p>30 Jahre Handwerkskunst und Leidenschaft: Ein Meilenstein f\u00fcr unsere Schreinerei Liebe Mitarbeiterinnen und Mitarbeiter, gesch\u00e4tzte Kunden, werte Partner, Es ist mit gro\u00dfer Freude und Dankbarkeit, dass wir heute diesen Beitrag verfassen, um auf ein ganz besonderes Ereignis aufmerksam zu machen: Das 30-j\u00e4hrige Jubil\u00e4um unserer Schreinerei. Drei\u00dfig Jahre, in denen wir unser Handwerk stetig weiterentwickelt, unseren &hellip; <\/p>\n<p class=\"link-more\"><a href=\"https:\/\/www.schreinerei-oliv.de\/?page_id=908\" class=\"more-link\"><span class=\"screen-reader-text\">\u201e30 Jahre Jubil\u00e4um\u201c <\/span>weiterlesen<\/a><\/p>\n","protected":false},"author":2,"featured_media":0,"parent":0,"menu_order":0,"comment_status":"closed","ping_status":"closed","template":"","meta":{"footnotes":""},"class_list":["post-908","page","type-page","status-publish","hentry"],"_links":{"self":[{"href":"https:\/\/www.schreinerei-oliv.de\/index.php?rest_route=\/wp\/v2\/pages\/908","targetHints":{"allow":["GET"]}}],"collection":[{"href":"https:\/\/www.schreinerei-oliv.de\/index.php?rest_route=\/wp\/v2\/pages"}],"about":[{"href":"https:\/\/www.schreinerei-oliv.de\/index.php?rest_route=\/wp\/v2\/types\/page"}],"author":[{"embeddable":true,"href":"https:\/\/www.schreinerei-oliv.de\/index.php?rest_route=\/wp\/v2\/users\/2"}],"replies":[{"embeddable":true,"href":"https:\/\/www.schreinerei-oliv.de\/index.php?rest_route=%2Fwp%2Fv2%2Fcomments&post=908"}],"version-history":[{"count":6,"href":"https:\/\/www.schreinerei-oliv.de\/index.php?rest_route=\/wp\/v2\/pages\/908\/revisions"}],"predecessor-version":[{"id":924,"href":"https:\/\/www.schreinerei-oliv.de\/index.php?rest_route=\/wp\/v2\/pages\/908\/revisions\/924"}],"wp:attachment":[{"href":"https:\/\/www.schreinerei-oliv.de\/index.php?rest_route=%2Fwp%2Fv2%2Fmedia&parent=908"}],"curies":[{"name":"wp","href":"https:\/\/api.w.org\/{rel}","templated":true}]}}